{"id":469,"date":"2024-05-02T20:49:47","date_gmt":"2024-05-02T20:49:47","guid":{"rendered":"https:\/\/yeguadaducal.com\/?page_id=469"},"modified":"2026-03-09T14:05:16","modified_gmt":"2026-03-09T14:05:16","slug":"nuestros-caballos","status":"publish","type":"page","link":"https:\/\/yeguadaducal.com\/index.php\/nuestros-caballos\/","title":{"rendered":"NUESTRA HISTORIA"},"content":{"rendered":"\t\t<div data-elementor-type=\"wp-page\" data-elementor-id=\"469\" class=\"elementor elementor-469\" data-elementor-post-type=\"page\">\n\t\t\t\t<div class=\"elementor-element elementor-element-567c6768 e-flex e-con-boxed e-con e-parent\" data-id=\"567c6768\" data-element_type=\"container\" data-e-type=\"container\">\n\t\t\t\t\t<div class=\"e-con-inner\">\n\t\t\t\t<div class=\"elementor-element elementor-element-dfe0a3e elementor-invisible elementor-widget elementor-widget-heading\" data-id=\"dfe0a3e\" data-element_type=\"widget\" data-e-type=\"widget\" data-settings=\"{&quot;_animation&quot;:&quot;fadeIn&quot;}\" data-widget_type=\"heading.default\">\n\t\t\t\t<div class=\"elementor-widget-container\">\n\t\t\t\t\t<h2 class=\"elementor-heading-title elementor-size-default\"> El orgullo de nuestra yeguada a tu alcance<\/h2>\t\t\t\t<\/div>\n\t\t\t\t<\/div>\n\t\t\t\t<div class=\"elementor-element elementor-element-36a2e9b elementor-widget-divider--view-line elementor-widget elementor-widget-divider\" data-id=\"36a2e9b\" data-element_type=\"widget\" data-e-type=\"widget\" data-widget_type=\"divider.default\">\n\t\t\t\t<div class=\"elementor-widget-container\">\n\t\t\t\t\t\t\t<div class=\"elementor-divider\">\n\t\t\t<span class=\"elementor-divider-separator\">\n\t\t\t\t\t\t<\/span>\n\t\t<\/div>\n\t\t\t\t\t\t<\/div>\n\t\t\t\t<\/div>\n\t\t\t\t<div class=\"elementor-element elementor-element-0f0ecee elementor-invisible elementor-widget elementor-widget-text-editor\" data-id=\"0f0ecee\" data-element_type=\"widget\" data-e-type=\"widget\" data-settings=\"{&quot;_animation&quot;:&quot;fadeIn&quot;}\" data-widget_type=\"text-editor.default\">\n\t\t\t\t<div class=\"elementor-widget-container\">\n\t\t\t\t\t\t\t\t\t<p>En el coraz\u00f3n de nuestras instalaciones de yeguada, reside una estirpe de caballos que personifican la excelencia en el arte ecuestre. Con orgullo, destacamos a nuestros campeones de Espa\u00f1a en salto, cuya destreza y gracia han llevado los l\u00edmites de la competici\u00f3n a nuevas alturas.<\/p>\n<p><!-- \/wp:kubio\/text --><!-- wp:kubio\/text {\"kubio\":{\"styleRef\":\"Qu99KTpuqe\",\"props\":{\"isLead\":true},\"hash\":\"ARJ79RAQVl\"}} --><\/p>\n<p>Cada uno de estos magn\u00edficos corceles es un testamento viviente a la dedicaci\u00f3n incansable de nuestro equipo y al inquebrantable esp\u00edritu competitivo que define nuestra yeguada. Criados con esmero y entrenados con pasi\u00f3n, estos campeones personifican la esencia misma del rendimiento atl\u00e9tico supremo y la conexi\u00f3n \u00edntima entre jinete y caballo.<\/p>\t\t\t\t\t\t\t\t<\/div>\n\t\t\t\t<\/div>\n\t\t\t\t\t<\/div>\n\t\t\t\t<\/div>\n\t\t<div class=\"elementor-element elementor-element-96ce1c0 e-grid e-con-boxed e-con e-parent\" data-id=\"96ce1c0\" data-element_type=\"container\" data-e-type=\"container\">\n\t\t\t\t\t<div class=\"e-con-inner\">\n\t\t\t\t<div class=\"elementor-element elementor-element-3a63b14 elementor-widget elementor-widget-image\" data-id=\"3a63b14\" data-element_type=\"widget\" data-e-type=\"widget\" data-widget_type=\"image.default\">\n\t\t\t\t<div class=\"elementor-widget-container\">\n\t\t\t\t\t\t\t\t\t\t\t\t\t\t\t<img fetchpriority=\"high\" decoding=\"async\" width=\"452\" height=\"584\" src=\"https:\/\/yeguadaducal.com\/wp-content\/uploads\/2024\/05\/cabezadas-caballo.jpg\" class=\"attachment-medium_large size-medium_large wp-image-242\" alt=\"\" srcset=\"https:\/\/yeguadaducal.com\/wp-content\/uploads\/2024\/05\/cabezadas-caballo.jpg 452w, https:\/\/yeguadaducal.com\/wp-content\/uploads\/2024\/05\/cabezadas-caballo-232x300.jpg 232w\" sizes=\"(max-width: 452px) 100vw, 452px\" \/>\t\t\t\t\t\t\t\t\t\t\t\t\t\t\t<\/div>\n\t\t\t\t<\/div>\n\t\t\t\t<div class=\"elementor-element elementor-element-30cb158 elementor-widget elementor-widget-image\" data-id=\"30cb158\" data-element_type=\"widget\" data-e-type=\"widget\" data-widget_type=\"image.default\">\n\t\t\t\t<div class=\"elementor-widget-container\">\n\t\t\t\t\t\t\t\t\t\t\t\t\t\t\t<img decoding=\"async\" width=\"396\" height=\"396\" src=\"https:\/\/yeguadaducal.com\/wp-content\/uploads\/2024\/05\/75718cd8-9ac0-40dd-b91d-3fa10bead65e.avif\" class=\"attachment-large size-large wp-image-245\" alt=\"\" srcset=\"https:\/\/yeguadaducal.com\/wp-content\/uploads\/2024\/05\/75718cd8-9ac0-40dd-b91d-3fa10bead65e.avif 396w, https:\/\/yeguadaducal.com\/wp-content\/uploads\/2024\/05\/75718cd8-9ac0-40dd-b91d-3fa10bead65e-300x300.avif 300w, https:\/\/yeguadaducal.com\/wp-content\/uploads\/2024\/05\/75718cd8-9ac0-40dd-b91d-3fa10bead65e-150x150.avif 150w\" sizes=\"(max-width: 396px) 100vw, 396px\" \/>\t\t\t\t\t\t\t\t\t\t\t\t\t\t\t<\/div>\n\t\t\t\t<\/div>\n\t\t\t\t<div class=\"elementor-element elementor-element-8a31a0c elementor-widget elementor-widget-image\" data-id=\"8a31a0c\" data-element_type=\"widget\" data-e-type=\"widget\" data-widget_type=\"image.default\">\n\t\t\t\t<div class=\"elementor-widget-container\">\n\t\t\t\t\t\t\t\t\t\t\t\t\t\t\t<img decoding=\"async\" width=\"750\" height=\"820\" src=\"https:\/\/yeguadaducal.com\/wp-content\/uploads\/2024\/05\/horse-foal-keck-thoroughbred-arabian.jpg\" class=\"attachment-large size-large wp-image-403\" alt=\"\" srcset=\"https:\/\/yeguadaducal.com\/wp-content\/uploads\/2024\/05\/horse-foal-keck-thoroughbred-arabian.jpg 910w, https:\/\/yeguadaducal.com\/wp-content\/uploads\/2024\/05\/horse-foal-keck-thoroughbred-arabian-274x300.jpg 274w, https:\/\/yeguadaducal.com\/wp-content\/uploads\/2024\/05\/horse-foal-keck-thoroughbred-arabian-768x840.jpg 768w\" sizes=\"(max-width: 750px) 100vw, 750px\" \/>\t\t\t\t\t\t\t\t\t\t\t\t\t\t\t<\/div>\n\t\t\t\t<\/div>\n\t\t\t\t<div class=\"elementor-element elementor-element-a3a7e17 elementor-widget elementor-widget-image\" data-id=\"a3a7e17\" data-element_type=\"widget\" data-e-type=\"widget\" data-widget_type=\"image.default\">\n\t\t\t\t<div class=\"elementor-widget-container\">\n\t\t\t\t\t\t\t\t\t\t\t\t\t\t\t<img loading=\"lazy\" decoding=\"async\" width=\"408\" height=\"612\" src=\"https:\/\/yeguadaducal.com\/wp-content\/uploads\/2024\/05\/istockphoto-1012793940-612x612-1.jpg\" class=\"attachment-large size-large wp-image-411\" alt=\"\" srcset=\"https:\/\/yeguadaducal.com\/wp-content\/uploads\/2024\/05\/istockphoto-1012793940-612x612-1.jpg 408w, https:\/\/yeguadaducal.com\/wp-content\/uploads\/2024\/05\/istockphoto-1012793940-612x612-1-200x300.jpg 200w\" sizes=\"(max-width: 408px) 100vw, 408px\" \/>\t\t\t\t\t\t\t\t\t\t\t\t\t\t\t<\/div>\n\t\t\t\t<\/div>\n\t\t\t\t<div class=\"elementor-element elementor-element-12f5d27 elementor-widget elementor-widget-image\" data-id=\"12f5d27\" data-element_type=\"widget\" data-e-type=\"widget\" data-widget_type=\"image.default\">\n\t\t\t\t<div class=\"elementor-widget-container\">\n\t\t\t\t\t\t\t\t\t\t\t\t\t\t\t<img loading=\"lazy\" decoding=\"async\" width=\"674\" height=\"1024\" src=\"https:\/\/yeguadaducal.com\/wp-content\/uploads\/2024\/05\/photo-1593179449458-e0d43d512551-674x1024.avif\" class=\"attachment-large size-large wp-image-406\" alt=\"\" srcset=\"https:\/\/yeguadaducal.com\/wp-content\/uploads\/2024\/05\/photo-1593179449458-e0d43d512551-674x1024.avif 674w, https:\/\/yeguadaducal.com\/wp-content\/uploads\/2024\/05\/photo-1593179449458-e0d43d512551-197x300.avif 197w, https:\/\/yeguadaducal.com\/wp-content\/uploads\/2024\/05\/photo-1593179449458-e0d43d512551-768x1167.avif 768w, https:\/\/yeguadaducal.com\/wp-content\/uploads\/2024\/05\/photo-1593179449458-e0d43d512551.avif 1000w\" sizes=\"(max-width: 674px) 100vw, 674px\" \/>\t\t\t\t\t\t\t\t\t\t\t\t\t\t\t<\/div>\n\t\t\t\t<\/div>\n\t\t\t\t<div class=\"elementor-element elementor-element-a5db283 elementor-widget elementor-widget-image\" data-id=\"a5db283\" data-element_type=\"widget\" data-e-type=\"widget\" data-widget_type=\"image.default\">\n\t\t\t\t<div class=\"elementor-widget-container\">\n\t\t\t\t\t\t\t\t\t\t\t\t\t\t\t<img loading=\"lazy\" decoding=\"async\" width=\"300\" height=\"450\" src=\"https:\/\/yeguadaducal.com\/wp-content\/uploads\/2024\/05\/47465313-caballo-de-brown-retrato-de-detalle-sobre-fondo-borroso.jpg\" class=\"attachment-large size-large wp-image-404\" alt=\"\" srcset=\"https:\/\/yeguadaducal.com\/wp-content\/uploads\/2024\/05\/47465313-caballo-de-brown-retrato-de-detalle-sobre-fondo-borroso.jpg 300w, https:\/\/yeguadaducal.com\/wp-content\/uploads\/2024\/05\/47465313-caballo-de-brown-retrato-de-detalle-sobre-fondo-borroso-200x300.jpg 200w\" sizes=\"(max-width: 300px) 100vw, 300px\" \/>\t\t\t\t\t\t\t\t\t\t\t\t\t\t\t<\/div>\n\t\t\t\t<\/div>\n\t\t\t\t\t<\/div>\n\t\t\t\t<\/div>\n\t\t\t\t<\/div>\n\t\t","protected":false},"excerpt":{"rendered":"<p>El orgullo de nuestra yeguada a tu alcance En el coraz\u00f3n de nuestras instalaciones de yeguada, reside una estirpe de caballos que personifican la excelencia en el arte ecuestre. Con orgullo, destacamos a nuestros campeones de Espa\u00f1a en salto, cuya destreza y gracia han llevado los l\u00edmites de la competici\u00f3n [&hellip;]<\/p>\n","protected":false},"author":1,"featured_media":0,"parent":0,"menu_order":0,"comment_status":"closed","ping_status":"closed","template":"","meta":{"footnotes":""},"class_list":["post-469","page","type-page","status-publish","hentry"],"yoast_head":"<!-- This site is optimized with the Yoast SEO plugin v27.2 - https:\/\/yoast.com\/product\/yoast-seo-wordpress\/ -->\n<title>NUESTRA HISTORIA - YeguadaDucal<\/title>\n<meta name=\"robots\" content=\"index, follow, max-snippet:-1, max-image-preview:large, max-video-preview:-1\" \/>\n<link rel=\"canonical\" href=\"https:\/\/yeguadaducal.com\/index.php\/nuestros-caballos\/\" \/>\n<meta property=\"og:locale\" content=\"es_ES\" \/>\n<meta property=\"og:type\" content=\"article\" \/>\n<meta property=\"og:title\" content=\"NUESTRA HISTORIA - YeguadaDucal\" \/>\n<meta property=\"og:description\" content=\"El orgullo de nuestra yeguada a tu alcance En el coraz\u00f3n de nuestras instalaciones de yeguada, reside una estirpe de caballos que personifican la excelencia en el arte ecuestre. Con orgullo, destacamos a nuestros campeones de Espa\u00f1a en salto, cuya destreza y gracia han llevado los l\u00edmites de la competici\u00f3n [&hellip;]\" \/>\n<meta property=\"og:url\" content=\"https:\/\/yeguadaducal.com\/index.php\/nuestros-caballos\/\" \/>\n<meta property=\"og:site_name\" content=\"YeguadaDucal\" \/>\n<meta property=\"article:modified_time\" content=\"2026-03-09T14:05:16+00:00\" \/>\n<meta property=\"og:image\" content=\"https:\/\/yeguadaducal.com\/wp-content\/uploads\/2024\/05\/cabezadas-caballo.jpg\" \/>\n<meta name=\"twitter:card\" content=\"summary_large_image\" \/>\n<meta name=\"twitter:label1\" content=\"Tiempo de lectura\" \/>\n\t<meta name=\"twitter:data1\" content=\"2 minutos\" \/>\n<script type=\"application\/ld+json\" class=\"yoast-schema-graph\">{\"@context\":\"https:\/\/schema.org\",\"@graph\":[{\"@type\":\"WebPage\",\"@id\":\"https:\/\/yeguadaducal.com\/index.php\/nuestros-caballos\/\",\"url\":\"https:\/\/yeguadaducal.com\/index.php\/nuestros-caballos\/\",\"name\":\"NUESTRA HISTORIA - YeguadaDucal\",\"isPartOf\":{\"@id\":\"https:\/\/yeguadaducal.com\/#website\"},\"primaryImageOfPage\":{\"@id\":\"https:\/\/yeguadaducal.com\/index.php\/nuestros-caballos\/#primaryimage\"},\"image\":{\"@id\":\"https:\/\/yeguadaducal.com\/index.php\/nuestros-caballos\/#primaryimage\"},\"thumbnailUrl\":\"https:\/\/yeguadaducal.com\/wp-content\/uploads\/2024\/05\/cabezadas-caballo.jpg\",\"datePublished\":\"2024-05-02T20:49:47+00:00\",\"dateModified\":\"2026-03-09T14:05:16+00:00\",\"breadcrumb\":{\"@id\":\"https:\/\/yeguadaducal.com\/index.php\/nuestros-caballos\/#breadcrumb\"},\"inLanguage\":\"es\",\"potentialAction\":[{\"@type\":\"ReadAction\",\"target\":[\"https:\/\/yeguadaducal.com\/index.php\/nuestros-caballos\/\"]}]},{\"@type\":\"ImageObject\",\"inLanguage\":\"es\",\"@id\":\"https:\/\/yeguadaducal.com\/index.php\/nuestros-caballos\/#primaryimage\",\"url\":\"https:\/\/yeguadaducal.com\/wp-content\/uploads\/2024\/05\/cabezadas-caballo.jpg\",\"contentUrl\":\"https:\/\/yeguadaducal.com\/wp-content\/uploads\/2024\/05\/cabezadas-caballo.jpg\",\"width\":452,\"height\":584,\"caption\":\"Desmond\"},{\"@type\":\"BreadcrumbList\",\"@id\":\"https:\/\/yeguadaducal.com\/index.php\/nuestros-caballos\/#breadcrumb\",\"itemListElement\":[{\"@type\":\"ListItem\",\"position\":1,\"name\":\"Portada\",\"item\":\"https:\/\/yeguadaducal.com\/\"},{\"@type\":\"ListItem\",\"position\":2,\"name\":\"NUESTRA HISTORIA\"}]},{\"@type\":\"WebSite\",\"@id\":\"https:\/\/yeguadaducal.com\/#website\",\"url\":\"https:\/\/yeguadaducal.com\/\",\"name\":\"YeguadaDucal\",\"description\":\"S\u00f3lo otro sitio de WordPress\",\"publisher\":{\"@id\":\"https:\/\/yeguadaducal.com\/#organization\"},\"potentialAction\":[{\"@type\":\"SearchAction\",\"target\":{\"@type\":\"EntryPoint\",\"urlTemplate\":\"https:\/\/yeguadaducal.com\/?s={search_term_string}\"},\"query-input\":{\"@type\":\"PropertyValueSpecification\",\"valueRequired\":true,\"valueName\":\"search_term_string\"}}],\"inLanguage\":\"es\"},{\"@type\":\"Organization\",\"@id\":\"https:\/\/yeguadaducal.com\/#organization\",\"name\":\"YeguadaDucal\",\"url\":\"https:\/\/yeguadaducal.com\/\",\"logo\":{\"@type\":\"ImageObject\",\"inLanguage\":\"es\",\"@id\":\"https:\/\/yeguadaducal.com\/#\/schema\/logo\/image\/\",\"url\":\"https:\/\/yeguadaducal.com\/wp-content\/uploads\/2024\/05\/Captura-de-pantalla-2024-05-02-170208.png\",\"contentUrl\":\"https:\/\/yeguadaducal.com\/wp-content\/uploads\/2024\/05\/Captura-de-pantalla-2024-05-02-170208.png\",\"width\":843,\"height\":898,\"caption\":\"YeguadaDucal\"},\"image\":{\"@id\":\"https:\/\/yeguadaducal.com\/#\/schema\/logo\/image\/\"}}]}<\/script>\n<!-- \/ Yoast SEO plugin. -->","yoast_head_json":{"title":"NUESTRA HISTORIA - YeguadaDucal","robots":{"index":"index","follow":"follow","max-snippet":"max-snippet:-1","max-image-preview":"max-image-preview:large","max-video-preview":"max-video-preview:-1"},"canonical":"https:\/\/yeguadaducal.com\/index.php\/nuestros-caballos\/","og_locale":"es_ES","og_type":"article","og_title":"NUESTRA HISTORIA - YeguadaDucal","og_description":"El orgullo de nuestra yeguada a tu alcance En el coraz\u00f3n de nuestras instalaciones de yeguada, reside una estirpe de caballos que personifican la excelencia en el arte ecuestre. Con orgullo, destacamos a nuestros campeones de Espa\u00f1a en salto, cuya destreza y gracia han llevado los l\u00edmites de la competici\u00f3n [&hellip;]","og_url":"https:\/\/yeguadaducal.com\/index.php\/nuestros-caballos\/","og_site_name":"YeguadaDucal","article_modified_time":"2026-03-09T14:05:16+00:00","og_image":[{"url":"https:\/\/yeguadaducal.com\/wp-content\/uploads\/2024\/05\/cabezadas-caballo.jpg","type":"","width":"","height":""}],"twitter_card":"summary_large_image","twitter_misc":{"Tiempo de lectura":"2 minutos"},"schema":{"@context":"https:\/\/schema.org","@graph":[{"@type":"WebPage","@id":"https:\/\/yeguadaducal.com\/index.php\/nuestros-caballos\/","url":"https:\/\/yeguadaducal.com\/index.php\/nuestros-caballos\/","name":"NUESTRA HISTORIA - YeguadaDucal","isPartOf":{"@id":"https:\/\/yeguadaducal.com\/#website"},"primaryImageOfPage":{"@id":"https:\/\/yeguadaducal.com\/index.php\/nuestros-caballos\/#primaryimage"},"image":{"@id":"https:\/\/yeguadaducal.com\/index.php\/nuestros-caballos\/#primaryimage"},"thumbnailUrl":"https:\/\/yeguadaducal.com\/wp-content\/uploads\/2024\/05\/cabezadas-caballo.jpg","datePublished":"2024-05-02T20:49:47+00:00","dateModified":"2026-03-09T14:05:16+00:00","breadcrumb":{"@id":"https:\/\/yeguadaducal.com\/index.php\/nuestros-caballos\/#breadcrumb"},"inLanguage":"es","potentialAction":[{"@type":"ReadAction","target":["https:\/\/yeguadaducal.com\/index.php\/nuestros-caballos\/"]}]},{"@type":"ImageObject","inLanguage":"es","@id":"https:\/\/yeguadaducal.com\/index.php\/nuestros-caballos\/#primaryimage","url":"https:\/\/yeguadaducal.com\/wp-content\/uploads\/2024\/05\/cabezadas-caballo.jpg","contentUrl":"https:\/\/yeguadaducal.com\/wp-content\/uploads\/2024\/05\/cabezadas-caballo.jpg","width":452,"height":584,"caption":"Desmond"},{"@type":"BreadcrumbList","@id":"https:\/\/yeguadaducal.com\/index.php\/nuestros-caballos\/#breadcrumb","itemListElement":[{"@type":"ListItem","position":1,"name":"Portada","item":"https:\/\/yeguadaducal.com\/"},{"@type":"ListItem","position":2,"name":"NUESTRA HISTORIA"}]},{"@type":"WebSite","@id":"https:\/\/yeguadaducal.com\/#website","url":"https:\/\/yeguadaducal.com\/","name":"YeguadaDucal","description":"S\u00f3lo otro sitio de WordPress","publisher":{"@id":"https:\/\/yeguadaducal.com\/#organization"},"potentialAction":[{"@type":"SearchAction","target":{"@type":"EntryPoint","urlTemplate":"https:\/\/yeguadaducal.com\/?s={search_term_string}"},"query-input":{"@type":"PropertyValueSpecification","valueRequired":true,"valueName":"search_term_string"}}],"inLanguage":"es"},{"@type":"Organization","@id":"https:\/\/yeguadaducal.com\/#organization","name":"YeguadaDucal","url":"https:\/\/yeguadaducal.com\/","logo":{"@type":"ImageObject","inLanguage":"es","@id":"https:\/\/yeguadaducal.com\/#\/schema\/logo\/image\/","url":"https:\/\/yeguadaducal.com\/wp-content\/uploads\/2024\/05\/Captura-de-pantalla-2024-05-02-170208.png","contentUrl":"https:\/\/yeguadaducal.com\/wp-content\/uploads\/2024\/05\/Captura-de-pantalla-2024-05-02-170208.png","width":843,"height":898,"caption":"YeguadaDucal"},"image":{"@id":"https:\/\/yeguadaducal.com\/#\/schema\/logo\/image\/"}}]}},"_links":{"self":[{"href":"https:\/\/yeguadaducal.com\/index.php\/wp-json\/wp\/v2\/pages\/469","targetHints":{"allow":["GET"]}}],"collection":[{"href":"https:\/\/yeguadaducal.com\/index.php\/wp-json\/wp\/v2\/pages"}],"about":[{"href":"https:\/\/yeguadaducal.com\/index.php\/wp-json\/wp\/v2\/types\/page"}],"author":[{"embeddable":true,"href":"https:\/\/yeguadaducal.com\/index.php\/wp-json\/wp\/v2\/users\/1"}],"replies":[{"embeddable":true,"href":"https:\/\/yeguadaducal.com\/index.php\/wp-json\/wp\/v2\/comments?post=469"}],"version-history":[{"count":21,"href":"https:\/\/yeguadaducal.com\/index.php\/wp-json\/wp\/v2\/pages\/469\/revisions"}],"predecessor-version":[{"id":920,"href":"https:\/\/yeguadaducal.com\/index.php\/wp-json\/wp\/v2\/pages\/469\/revisions\/920"}],"wp:attachment":[{"href":"https:\/\/yeguadaducal.com\/index.php\/wp-json\/wp\/v2\/media?parent=469"}],"curies":[{"name":"wp","href":"https:\/\/api.w.org\/{rel}","templated":true}]}}