{"id":75,"date":"2024-05-02T12:21:28","date_gmt":"2024-05-02T12:21:28","guid":{"rendered":"https:\/\/yeguadaducal.com\/index.php\/front_page\/"},"modified":"2026-03-09T14:13:13","modified_gmt":"2026-03-09T14:13:13","slug":"front_page","status":"publish","type":"page","link":"https:\/\/yeguadaducal.com\/","title":{"rendered":"Home"},"content":{"rendered":"\t\t<div data-elementor-type=\"wp-page\" data-elementor-id=\"75\" class=\"elementor elementor-75\" data-elementor-post-type=\"page\">\n\t\t\t\t<div class=\"elementor-element elementor-element-66e91d64 e-con-full e-flex e-con e-parent\" data-id=\"66e91d64\" data-element_type=\"container\" data-e-type=\"container\">\n\t\t\t\t<div class=\"elementor-element elementor-element-ad56eda elementor-widget elementor-widget-image\" data-id=\"ad56eda\" data-element_type=\"widget\" data-e-type=\"widget\" data-widget_type=\"image.default\">\n\t\t\t\t<div class=\"elementor-widget-container\">\n\t\t\t\t\t\t\t\t\t\t\t\t\t\t\t<img fetchpriority=\"high\" decoding=\"async\" width=\"1536\" height=\"564\" src=\"https:\/\/yeguadaducal.com\/wp-content\/uploads\/2024\/05\/adobestock-644981326-2479910-2480506-31-1536x564.jpg\" class=\"attachment-1536x1536 size-1536x1536 wp-image-661\" alt=\"\" srcset=\"https:\/\/yeguadaducal.com\/wp-content\/uploads\/2024\/05\/adobestock-644981326-2479910-2480506-31-1536x564.jpg 1536w, https:\/\/yeguadaducal.com\/wp-content\/uploads\/2024\/05\/adobestock-644981326-2479910-2480506-31-300x110.jpg 300w, https:\/\/yeguadaducal.com\/wp-content\/uploads\/2024\/05\/adobestock-644981326-2479910-2480506-31-1024x376.jpg 1024w, https:\/\/yeguadaducal.com\/wp-content\/uploads\/2024\/05\/adobestock-644981326-2479910-2480506-31-768x282.jpg 768w, https:\/\/yeguadaducal.com\/wp-content\/uploads\/2024\/05\/adobestock-644981326-2479910-2480506-31.jpg 1920w\" sizes=\"(max-width: 1536px) 100vw, 1536px\" \/>\t\t\t\t\t\t\t\t\t\t\t\t\t\t\t<\/div>\n\t\t\t\t<\/div>\n\t\t\t\t<div class=\"elementor-element elementor-element-2416f4f elementor-widget-divider--view-line elementor-widget elementor-widget-divider\" data-id=\"2416f4f\" data-element_type=\"widget\" data-e-type=\"widget\" data-widget_type=\"divider.default\">\n\t\t\t\t<div class=\"elementor-widget-container\">\n\t\t\t\t\t\t\t<div class=\"elementor-divider\">\n\t\t\t<span class=\"elementor-divider-separator\">\n\t\t\t\t\t\t<\/span>\n\t\t<\/div>\n\t\t\t\t\t\t<\/div>\n\t\t\t\t<\/div>\n\t\t\t\t<\/div>\n\t\t<div class=\"elementor-element elementor-element-1f30129 e-flex e-con-boxed e-con e-parent\" data-id=\"1f30129\" data-element_type=\"container\" data-e-type=\"container\">\n\t\t\t\t\t<div class=\"e-con-inner\">\n\t\t<div class=\"elementor-element elementor-element-0db6e68 e-con-full e-flex e-con e-child\" data-id=\"0db6e68\" data-element_type=\"container\" data-e-type=\"container\">\n\t\t\t\t<div class=\"elementor-element elementor-element-3f5e856 elementor-invisible elementor-widget elementor-widget-text-editor\" data-id=\"3f5e856\" data-element_type=\"widget\" data-e-type=\"widget\" data-settings=\"{&quot;_animation&quot;:&quot;fadeIn&quot;}\" data-widget_type=\"text-editor.default\">\n\t\t\t\t<div class=\"elementor-widget-container\">\n\t\t\t\t\t\t\t\t\t<div class=\"elementor-element elementor-element-33170e2 e-flex e-con-boxed e-con e-parent\" data-id=\"33170e2\" data-element_type=\"container\" data-settings=\"{&quot;container_type&quot;:&quot;flex&quot;,&quot;content_width&quot;:&quot;boxed&quot;}\" data-core-v316-plus=\"true\"><div class=\"e-con-inner\"><div class=\"elementor-element elementor-element-442e77a elementor-widget elementor-widget-heading\" data-id=\"442e77a\" data-element_type=\"widget\" data-widget_type=\"heading.default\"><div class=\"elementor-widget-container\"><em><strong><span style=\"color: #000000;\">Variedad de capas diluidas:<\/span><\/strong><\/em><\/div><\/div><div class=\"elementor-element elementor-element-d0f3fd4 elementor-widget elementor-widget-text-editor\" data-id=\"d0f3fd4\" data-element_type=\"widget\" data-widget_type=\"text-editor.default\"><div class=\"elementor-widget-container\"><span style=\"color: #000000;\">Nuestra ganader\u00eda se destaca por su amplia\u00a0selecci\u00f3n de caballos de Pura Raza Espa\u00f1ola en capas diluidas.\u00a0Desde\u00a0Isabelos\u00a0hasta\u00a0perlinos\u00a0y\u00a0cremellos, ofrecemos una diversidad de colores que agregan un toque exclusivo a la belleza de esta raza ic\u00f3nica.<\/span><\/div><\/div><\/div><\/div><div class=\"elementor-element elementor-element-dadb642 e-flex e-con-boxed e-con e-parent\" data-id=\"dadb642\" data-element_type=\"container\" data-settings=\"{&quot;container_type&quot;:&quot;flex&quot;,&quot;content_width&quot;:&quot;boxed&quot;}\" data-core-v316-plus=\"true\"><div class=\"e-con-inner\"><div class=\"elementor-element elementor-element-ea6c4f5 elementor-widget elementor-widget-heading\" data-id=\"ea6c4f5\" data-element_type=\"widget\" data-widget_type=\"heading.default\"><div class=\"elementor-widget-container\"><strong><em><span style=\"color: #000000;\">Cuidado y bienestar:<\/span><\/em><\/strong><\/div><\/div><div class=\"elementor-element elementor-element-9ab0515 elementor-widget elementor-widget-text-editor\" data-id=\"9ab0515\" data-element_type=\"widget\" data-widget_type=\"text-editor.default\"><div class=\"elementor-widget-container\"><span style=\"color: #000000;\">El bienestar de nuestros caballos es primordial. Criamos a nuestros ejemplares en un\u00a0entorno natural y en manada,\u00a0permiti\u00e9ndoles disfrutar de la\u00a0plena libertad\u00a0y la compa\u00f1\u00eda de otros caballos.<\/span><\/div><\/div><\/div><\/div><div class=\"elementor-element elementor-element-f992ee6 e-flex e-con-boxed e-con e-parent\" data-id=\"f992ee6\" data-element_type=\"container\" data-settings=\"{&quot;container_type&quot;:&quot;flex&quot;,&quot;content_width&quot;:&quot;boxed&quot;}\" data-core-v316-plus=\"true\"><div class=\"e-con-inner\"><div class=\"elementor-element elementor-element-ca4abb2 elementor-widget elementor-widget-heading\" data-id=\"ca4abb2\" data-element_type=\"widget\" data-widget_type=\"heading.default\"><div class=\"elementor-widget-container\"><strong><em><span style=\"color: #000000;\">Reputaci\u00f3n y reconocimiento:<\/span><\/em><\/strong><\/div><\/div><div class=\"elementor-element elementor-element-57b9aec elementor-widget elementor-widget-text-editor\" data-id=\"57b9aec\" data-element_type=\"widget\" data-widget_type=\"text-editor.default\"><div class=\"elementor-widget-container\"><span style=\"color: #000000;\">Nuestra finca se ha ganado una\u00a0s\u00f3lida reputaci\u00f3n en la cr\u00eda de caballos de Pura Raza Espa\u00f1ola en capas diluidas.\u00a0Nuestros ejemplares han sido reconocidos y premiados en competiciones nacionales e internacionales.<\/span><\/div><\/div><\/div><\/div>\t\t\t\t\t\t\t\t<\/div>\n\t\t\t\t<\/div>\n\t\t\t\t<\/div>\n\t\t<div class=\"elementor-element elementor-element-778ce6c e-con-full e-flex e-con e-child\" data-id=\"778ce6c\" data-element_type=\"container\" data-e-type=\"container\">\n\t\t\t\t<div class=\"elementor-element elementor-element-1f94315 elementor-widget elementor-widget-image\" data-id=\"1f94315\" data-element_type=\"widget\" data-e-type=\"widget\" data-widget_type=\"image.default\">\n\t\t\t\t<div class=\"elementor-widget-container\">\n\t\t\t\t\t\t\t\t\t\t\t\t\t\t\t<img decoding=\"async\" width=\"1536\" height=\"1098\" src=\"https:\/\/yeguadaducal.com\/wp-content\/uploads\/2024\/05\/f5d0990e-8dae-4d75-bbe1-a26af303f9a3_rw_1920-1536x1098.jpg\" class=\"attachment-1536x1536 size-1536x1536 wp-image-241\" alt=\"\" srcset=\"https:\/\/yeguadaducal.com\/wp-content\/uploads\/2024\/05\/f5d0990e-8dae-4d75-bbe1-a26af303f9a3_rw_1920-1536x1098.jpg 1536w, https:\/\/yeguadaducal.com\/wp-content\/uploads\/2024\/05\/f5d0990e-8dae-4d75-bbe1-a26af303f9a3_rw_1920-300x214.jpg 300w, https:\/\/yeguadaducal.com\/wp-content\/uploads\/2024\/05\/f5d0990e-8dae-4d75-bbe1-a26af303f9a3_rw_1920-1024x732.jpg 1024w, https:\/\/yeguadaducal.com\/wp-content\/uploads\/2024\/05\/f5d0990e-8dae-4d75-bbe1-a26af303f9a3_rw_1920-768x549.jpg 768w, https:\/\/yeguadaducal.com\/wp-content\/uploads\/2024\/05\/f5d0990e-8dae-4d75-bbe1-a26af303f9a3_rw_1920-1511x1080.jpg 1511w, https:\/\/yeguadaducal.com\/wp-content\/uploads\/2024\/05\/f5d0990e-8dae-4d75-bbe1-a26af303f9a3_rw_1920.jpg 1920w\" sizes=\"(max-width: 1536px) 100vw, 1536px\" \/>\t\t\t\t\t\t\t\t\t\t\t\t\t\t\t<\/div>\n\t\t\t\t<\/div>\n\t\t\t\t<\/div>\n\t\t\t\t\t<\/div>\n\t\t\t\t<\/div>\n\t\t\t\t<\/div>\n\t\t","protected":false},"excerpt":{"rendered":"<p>Variedad de capas diluidas:Nuestra ganader\u00eda se destaca por su amplia\u00a0selecci\u00f3n de caballos de Pura Raza Espa\u00f1ola en capas diluidas.\u00a0Desde\u00a0Isabelos\u00a0hasta\u00a0perlinos\u00a0y\u00a0cremellos, ofrecemos una diversidad de colores que agregan un toque exclusivo a la belleza de esta raza ic\u00f3nica.Cuidado y bienestar:El bienestar de nuestros caballos es primordial. Criamos a nuestros ejemplares en un\u00a0entorno [&hellip;]<\/p>\n","protected":false},"author":1,"featured_media":0,"parent":0,"menu_order":0,"comment_status":"closed","ping_status":"closed","template":"","meta":{"footnotes":""},"class_list":["post-75","page","type-page","status-publish","hentry"],"yoast_head":"<!-- This site is optimized with the Yoast SEO plugin v27.2 - https:\/\/yoast.com\/product\/yoast-seo-wordpress\/ -->\n<title>Home - YeguadaDucal<\/title>\n<meta name=\"robots\" content=\"index, follow, max-snippet:-1, max-image-preview:large, max-video-preview:-1\" \/>\n<link rel=\"canonical\" href=\"https:\/\/yeguadaducal.com\/\" \/>\n<meta property=\"og:locale\" content=\"es_ES\" \/>\n<meta property=\"og:type\" content=\"article\" \/>\n<meta property=\"og:title\" content=\"Home - YeguadaDucal\" \/>\n<meta property=\"og:description\" content=\"Variedad de capas diluidas:Nuestra ganader\u00eda se destaca por su amplia\u00a0selecci\u00f3n de caballos de Pura Raza Espa\u00f1ola en capas diluidas.\u00a0Desde\u00a0Isabelos\u00a0hasta\u00a0perlinos\u00a0y\u00a0cremellos, ofrecemos una diversidad de colores que agregan un toque exclusivo a la belleza de esta raza ic\u00f3nica.Cuidado y bienestar:El bienestar de nuestros caballos es primordial. Criamos a nuestros ejemplares en un\u00a0entorno [&hellip;]\" \/>\n<meta property=\"og:url\" content=\"https:\/\/yeguadaducal.com\/\" \/>\n<meta property=\"og:site_name\" content=\"YeguadaDucal\" \/>\n<meta property=\"article:modified_time\" content=\"2026-03-09T14:13:13+00:00\" \/>\n<meta property=\"og:image\" content=\"https:\/\/yeguadaducal.com\/wp-content\/uploads\/2024\/05\/adobestock-644981326-2479910-2480506-31.jpg\" \/>\n\t<meta property=\"og:image:width\" content=\"1920\" \/>\n\t<meta property=\"og:image:height\" content=\"705\" \/>\n\t<meta property=\"og:image:type\" content=\"image\/jpeg\" \/>\n<meta name=\"twitter:card\" content=\"summary_large_image\" \/>\n<meta name=\"twitter:label1\" content=\"Tiempo de lectura\" \/>\n\t<meta name=\"twitter:data1\" content=\"2 minutos\" \/>\n<script type=\"application\/ld+json\" class=\"yoast-schema-graph\">{\"@context\":\"https:\/\/schema.org\",\"@graph\":[{\"@type\":\"WebPage\",\"@id\":\"https:\/\/yeguadaducal.com\/\",\"url\":\"https:\/\/yeguadaducal.com\/\",\"name\":\"Home - YeguadaDucal\",\"isPartOf\":{\"@id\":\"https:\/\/yeguadaducal.com\/#website\"},\"primaryImageOfPage\":{\"@id\":\"https:\/\/yeguadaducal.com\/#primaryimage\"},\"image\":{\"@id\":\"https:\/\/yeguadaducal.com\/#primaryimage\"},\"thumbnailUrl\":\"https:\/\/yeguadaducal.com\/wp-content\/uploads\/2024\/05\/adobestock-644981326-2479910-2480506-31-1536x564.jpg\",\"datePublished\":\"2024-05-02T12:21:28+00:00\",\"dateModified\":\"2026-03-09T14:13:13+00:00\",\"breadcrumb\":{\"@id\":\"https:\/\/yeguadaducal.com\/#breadcrumb\"},\"inLanguage\":\"es\",\"potentialAction\":[{\"@type\":\"ReadAction\",\"target\":[\"https:\/\/yeguadaducal.com\/\"]}]},{\"@type\":\"ImageObject\",\"inLanguage\":\"es\",\"@id\":\"https:\/\/yeguadaducal.com\/#primaryimage\",\"url\":\"https:\/\/yeguadaducal.com\/wp-content\/uploads\/2024\/05\/adobestock-644981326-2479910-2480506-31.jpg\",\"contentUrl\":\"https:\/\/yeguadaducal.com\/wp-content\/uploads\/2024\/05\/adobestock-644981326-2479910-2480506-31.jpg\",\"width\":1920,\"height\":705},{\"@type\":\"BreadcrumbList\",\"@id\":\"https:\/\/yeguadaducal.com\/#breadcrumb\",\"itemListElement\":[{\"@type\":\"ListItem\",\"position\":1,\"name\":\"Portada\",\"item\":\"https:\/\/yeguadaducal.com\/\"},{\"@type\":\"ListItem\",\"position\":2,\"name\":\"Home\"}]},{\"@type\":\"WebSite\",\"@id\":\"https:\/\/yeguadaducal.com\/#website\",\"url\":\"https:\/\/yeguadaducal.com\/\",\"name\":\"YeguadaDucal\",\"description\":\"S\u00f3lo otro sitio de WordPress\",\"publisher\":{\"@id\":\"https:\/\/yeguadaducal.com\/#organization\"},\"potentialAction\":[{\"@type\":\"SearchAction\",\"target\":{\"@type\":\"EntryPoint\",\"urlTemplate\":\"https:\/\/yeguadaducal.com\/?s={search_term_string}\"},\"query-input\":{\"@type\":\"PropertyValueSpecification\",\"valueRequired\":true,\"valueName\":\"search_term_string\"}}],\"inLanguage\":\"es\"},{\"@type\":\"Organization\",\"@id\":\"https:\/\/yeguadaducal.com\/#organization\",\"name\":\"YeguadaDucal\",\"url\":\"https:\/\/yeguadaducal.com\/\",\"logo\":{\"@type\":\"ImageObject\",\"inLanguage\":\"es\",\"@id\":\"https:\/\/yeguadaducal.com\/#\/schema\/logo\/image\/\",\"url\":\"https:\/\/yeguadaducal.com\/wp-content\/uploads\/2024\/05\/Captura-de-pantalla-2024-05-02-170208.png\",\"contentUrl\":\"https:\/\/yeguadaducal.com\/wp-content\/uploads\/2024\/05\/Captura-de-pantalla-2024-05-02-170208.png\",\"width\":843,\"height\":898,\"caption\":\"YeguadaDucal\"},\"image\":{\"@id\":\"https:\/\/yeguadaducal.com\/#\/schema\/logo\/image\/\"}}]}<\/script>\n<!-- \/ Yoast SEO plugin. -->","yoast_head_json":{"title":"Home - YeguadaDucal","robots":{"index":"index","follow":"follow","max-snippet":"max-snippet:-1","max-image-preview":"max-image-preview:large","max-video-preview":"max-video-preview:-1"},"canonical":"https:\/\/yeguadaducal.com\/","og_locale":"es_ES","og_type":"article","og_title":"Home - YeguadaDucal","og_description":"Variedad de capas diluidas:Nuestra ganader\u00eda se destaca por su amplia\u00a0selecci\u00f3n de caballos de Pura Raza Espa\u00f1ola en capas diluidas.\u00a0Desde\u00a0Isabelos\u00a0hasta\u00a0perlinos\u00a0y\u00a0cremellos, ofrecemos una diversidad de colores que agregan un toque exclusivo a la belleza de esta raza ic\u00f3nica.Cuidado y bienestar:El bienestar de nuestros caballos es primordial. Criamos a nuestros ejemplares en un\u00a0entorno [&hellip;]","og_url":"https:\/\/yeguadaducal.com\/","og_site_name":"YeguadaDucal","article_modified_time":"2026-03-09T14:13:13+00:00","og_image":[{"width":1920,"height":705,"url":"https:\/\/yeguadaducal.com\/wp-content\/uploads\/2024\/05\/adobestock-644981326-2479910-2480506-31.jpg","type":"image\/jpeg"}],"twitter_card":"summary_large_image","twitter_misc":{"Tiempo de lectura":"2 minutos"},"schema":{"@context":"https:\/\/schema.org","@graph":[{"@type":"WebPage","@id":"https:\/\/yeguadaducal.com\/","url":"https:\/\/yeguadaducal.com\/","name":"Home - YeguadaDucal","isPartOf":{"@id":"https:\/\/yeguadaducal.com\/#website"},"primaryImageOfPage":{"@id":"https:\/\/yeguadaducal.com\/#primaryimage"},"image":{"@id":"https:\/\/yeguadaducal.com\/#primaryimage"},"thumbnailUrl":"https:\/\/yeguadaducal.com\/wp-content\/uploads\/2024\/05\/adobestock-644981326-2479910-2480506-31-1536x564.jpg","datePublished":"2024-05-02T12:21:28+00:00","dateModified":"2026-03-09T14:13:13+00:00","breadcrumb":{"@id":"https:\/\/yeguadaducal.com\/#breadcrumb"},"inLanguage":"es","potentialAction":[{"@type":"ReadAction","target":["https:\/\/yeguadaducal.com\/"]}]},{"@type":"ImageObject","inLanguage":"es","@id":"https:\/\/yeguadaducal.com\/#primaryimage","url":"https:\/\/yeguadaducal.com\/wp-content\/uploads\/2024\/05\/adobestock-644981326-2479910-2480506-31.jpg","contentUrl":"https:\/\/yeguadaducal.com\/wp-content\/uploads\/2024\/05\/adobestock-644981326-2479910-2480506-31.jpg","width":1920,"height":705},{"@type":"BreadcrumbList","@id":"https:\/\/yeguadaducal.com\/#breadcrumb","itemListElement":[{"@type":"ListItem","position":1,"name":"Portada","item":"https:\/\/yeguadaducal.com\/"},{"@type":"ListItem","position":2,"name":"Home"}]},{"@type":"WebSite","@id":"https:\/\/yeguadaducal.com\/#website","url":"https:\/\/yeguadaducal.com\/","name":"YeguadaDucal","description":"S\u00f3lo otro sitio de WordPress","publisher":{"@id":"https:\/\/yeguadaducal.com\/#organization"},"potentialAction":[{"@type":"SearchAction","target":{"@type":"EntryPoint","urlTemplate":"https:\/\/yeguadaducal.com\/?s={search_term_string}"},"query-input":{"@type":"PropertyValueSpecification","valueRequired":true,"valueName":"search_term_string"}}],"inLanguage":"es"},{"@type":"Organization","@id":"https:\/\/yeguadaducal.com\/#organization","name":"YeguadaDucal","url":"https:\/\/yeguadaducal.com\/","logo":{"@type":"ImageObject","inLanguage":"es","@id":"https:\/\/yeguadaducal.com\/#\/schema\/logo\/image\/","url":"https:\/\/yeguadaducal.com\/wp-content\/uploads\/2024\/05\/Captura-de-pantalla-2024-05-02-170208.png","contentUrl":"https:\/\/yeguadaducal.com\/wp-content\/uploads\/2024\/05\/Captura-de-pantalla-2024-05-02-170208.png","width":843,"height":898,"caption":"YeguadaDucal"},"image":{"@id":"https:\/\/yeguadaducal.com\/#\/schema\/logo\/image\/"}}]}},"_links":{"self":[{"href":"https:\/\/yeguadaducal.com\/index.php\/wp-json\/wp\/v2\/pages\/75","targetHints":{"allow":["GET"]}}],"collection":[{"href":"https:\/\/yeguadaducal.com\/index.php\/wp-json\/wp\/v2\/pages"}],"about":[{"href":"https:\/\/yeguadaducal.com\/index.php\/wp-json\/wp\/v2\/types\/page"}],"author":[{"embeddable":true,"href":"https:\/\/yeguadaducal.com\/index.php\/wp-json\/wp\/v2\/users\/1"}],"replies":[{"embeddable":true,"href":"https:\/\/yeguadaducal.com\/index.php\/wp-json\/wp\/v2\/comments?post=75"}],"version-history":[{"count":190,"href":"https:\/\/yeguadaducal.com\/index.php\/wp-json\/wp\/v2\/pages\/75\/revisions"}],"predecessor-version":[{"id":935,"href":"https:\/\/yeguadaducal.com\/index.php\/wp-json\/wp\/v2\/pages\/75\/revisions\/935"}],"wp:attachment":[{"href":"https:\/\/yeguadaducal.com\/index.php\/wp-json\/wp\/v2\/media?parent=75"}],"curies":[{"name":"wp","href":"https:\/\/api.w.org\/{rel}","templated":true}]}}